{"id":2352,"date":"2021-07-09T13:57:45","date_gmt":"2021-07-09T10:57:45","guid":{"rendered":"https:\/\/emoistanbul.org\/emanet2021\/?page_id=2352"},"modified":"2021-10-07T09:24:15","modified_gmt":"2021-10-07T06:24:15","slug":"emanet-2021-bilim-kurulu","status":"publish","type":"page","link":"https:\/\/emoistanbul.org\/emanet2021\/emanet-2021-bilim-kurulu\/","title":{"rendered":"EMANET 2021 B\u0130L\u0130M KURULU"},"content":{"rendered":"<div class=\"fusion-fullwidth fullwidth-box fusion-builder-row-1 fusion-flex-container nonhundred-percent-fullwidth non-hundred-percent-height-scrolling\" style=\"background-color: rgba(255,255,255,0);background-position: center center;background-repeat: no-repeat;border-width: 0px 0px 0px 0px;border-color:#e7e4e2;border-style:solid;\" ><div class=\"fusion-builder-row fusion-row fusion-flex-align-items-flex-start\" style=\"max-width:1331.2px;margin-left: calc(-4% \/ 2 );margin-right: calc(-4% \/ 2 );\"><div class=\"fusion-layout-column fusion_builder_column fusion-builder-column-0 fusion_builder_column_1_1 1_1 fusion-flex-column\"><div class=\"fusion-column-wrapper fusion-flex-justify-content-flex-start fusion-content-layout-column\" style=\"background-position:left top;background-repeat:no-repeat;-webkit-background-size:cover;-moz-background-size:cover;-o-background-size:cover;background-size:cover;padding: 0px 0px 0px 0px;\"><div class=\"fusion-text fusion-text-1\"><p style=\"text-align: center;\"><strong>Prof. Dr. A. Burak POLAT<\/strong><br \/>\nYT\u00dc Elk. Hab. M\u00fch. B\u00f6l.<\/p>\n<p style=\"text-align: center;\"><strong>Prof. Dr. Ali AKDA\u011eLI<\/strong><br \/>\nMersin \u00dcnv. Elk. Elo. M\u00fch. B\u00f6l. B\u015fk.<\/p>\n<p style=\"text-align: center;\"><strong>Prof. Dr. Ayd\u0131n AKAN<\/strong><br \/>\n\u0130zmir Ekonomi \u00dcnv. Elk. Elo. M\u00fch. B\u00f6l.<\/p>\n<p style=\"text-align: center;\"><strong>Prof. Dr. Ay\u015fe G\u00fclnihal CANSEVEN KUR\u015eUN<\/strong><br \/>\nGazi \u00dcnv. T\u0131p Fak. Biyofizik AD.<\/p>\n<p style=\"text-align: center;\"><strong>Prof. Dr. Caner \u00d6ZDEM\u0130R<\/strong><br \/>\nEMO Mersin \u015eube Y.K. \u00dcyesi<br \/>\nMersin \u00dcnv. M\u00fch. Fak.<\/p>\n<p style=\"text-align: center;\"><strong>Prof. Dr. Cemil SERT<\/strong><br \/>\nT\u00fcrk Biyofizik Derne\u011fi B\u015fk.<br \/>\nHarran \u00dcnv. Biyofizik AD.<\/p>\n<p style=\"text-align: center;\"><strong>Prof. Dr. Funda AKLEMAN YAPAR<\/strong><br \/>\n\u0130T\u00dc Elo. Hab. M\u00fch. B\u00f6l.<\/p>\n<p style=\"text-align: center;\"><strong>Prof. Dr. G\u00f6khan APAYDIN<\/strong><br \/>\n\u00dcsk\u00fcdar \u00dcnv. Elk. Elo. M\u00fch. B\u00f6l.<\/p>\n<p style=\"text-align: center;\"><strong>Prof. Dr. Haluk KORALAY<\/strong><br \/>\nGazi \u00dcnv. \u0130yonla\u015ft\u0131r\u0131c\u0131 Olmayan Rad. Kor.<br \/>\nUyg. ve Ar\u015f. Mrk. (G\u0130RKUM)<\/p>\n<p style=\"text-align: center;\"><strong>Prof. Dr. Hasan D\u0130N\u00c7ER<\/strong><br \/>\nKocaeli \u00dcniversitesi<\/p>\n<p style=\"text-align: center;\"><strong>Prof. Dr. \u0130smail Hakk\u0131 \u00c7AVDAR<\/strong><br \/>\nEMO Trabzon \u015eube Y.K. B\u015fk.<br \/>\nKT\u00dc Elk.  Elo. M\u00fch. B\u00f6l.<\/p>\n<p style=\"text-align: center;\"><strong>Prof. Dr. Korkut YE\u011e\u0130N<\/strong><br \/>\nEge \u00dcnv. Elk. Elo. M\u00fch. B\u00f6l.<\/p>\n<p style=\"text-align: center;\"><strong>Prof. Dr. M. Tunaya KALKAN<\/strong><br \/>\n\u0130stanbul Ayd\u0131n \u00dcnv. T\u0131p Fak. Biyofizik AD. B\u015fk.<\/p>\n<p style=\"text-align: center;\"><strong>Prof. Dr. Osman \u00c7EREZC\u0130<\/strong><br \/>\n\u00dcsk\u00fcdar \u00dcnv. M\u00fch. Fak. Dekan\u0131<\/p>\n<p style=\"text-align: center;\"><strong>Prof. Dr. Sel\u00e7uk PAKER<\/strong><br \/>\n\u0130T\u00dc Elo. Hab. M\u00fch. B\u00f6l.<\/p>\n<p style=\"text-align: center;\"><strong>Prof. Dr. Selim \u015eEKER<\/strong><br \/>\n\u00dcsk\u00fcdar \u00dcnv. Elk. Elo. M\u00fch. B\u00f6l. B\u015fk.<\/p>\n<p style=\"text-align: center;\"><strong>Prof. Dr. Serdar \u00d6ZO\u011eUZ<\/strong><br \/>\n\u0130T\u00dc Elo. Hab. M\u00fch. B\u00f6l.<\/p>\n<p style=\"text-align: center;\"><strong style=\"background-color: rgba(255, 255, 255, 0); color: var(--body_typography-color); font-family: var(--body_typography-font-family); font-size: var(--body_typography-font-size); font-style: var(--body_typography-font-style,normal); letter-spacing: var(--body_typography-letter-spacing);\">Prof. Dr. \u015e\u00fckr\u00fc \u00d6ZEN<\/strong><\/p>\n<p style=\"text-align: center;\">\nAkdeniz \u00dcnv. Elk. Elo. M\u00fch. B\u00f6l.<\/p>\n<p style=\"text-align: center;\"><strong>Do\u00e7. Dr. Alkan ALKAYA<\/strong><br \/>\nMersin \u00dcnv. Elk. Elo M\u00fch. B\u00f6l.<\/p>\n<p style=\"text-align: center;\"><strong>Do\u00e7. Dr. Bahriye SIRAV ARAL<\/strong><br \/>\nGazi \u00dcnv. T\u0131p Fak. Biyofizik AD.<\/p>\n<p style=\"text-align: center;\"><b>Do\u00e7. Dr. Fulya \u00c7ALLIALP<br \/><\/b><\/p>\n<p style=\"text-align: center;\"><span style=\"background-color: rgba(255, 255, 255, 0); color: var(--body_typography-color); font-family: var(--body_typography-font-family); font-size: var(--body_typography-font-size); font-style: var(--body_typography-font-style,normal); font-weight: var(--body_typography-font-weight); letter-spacing: var(--body_typography-letter-spacing);\">Marmara \u00dcniversitesi Elk. Elo. M\u00fch. B\u00f6l.<\/span><\/p>\n<\/p>\n<p style=\"text-align: center;\"><strong>Do\u00e7. Dr. Mehmet TOYCAN<\/strong><br \/>\nKKTC KTMMOB EMO Y.K. \u00dcyesi<br \/>\nUluslararas\u0131 K\u0131br\u0131s \u00dcnv. Rekt\u00f6r Yrd.<\/p>\n<p style=\"text-align: center;\"><strong>Do\u00e7. Dr. Murat FAHR\u0130O\u011eLU<\/strong><br \/>\nKKTC ODT\u00dc KKK Elk. Elo. M\u00fch. B\u00f6l. B\u015fk.<\/p>\n<p style=\"text-align: center;\"><strong>Do\u00e7. Dr. Rafet AKDEN\u0130Z<\/strong><br \/>\nNam\u0131k Kemal \u00dcnv. \u00c7orlu M\u00fch. Fak.<\/p>\n<p style=\"text-align: center;\"><strong>Do\u00e7. Dr. \u015euayp \u00c7a\u011fr\u0131 YENER<\/strong><br \/>\nSakarya \u00dcnv. Elk. Elo. M\u00fch. B\u00f6l.<\/p>\n<p style=\"text-align: center;\"><strong>Do\u00e7. Dr. Tayfun NES\u0130MO\u011eLU<\/strong><br \/>\nKKTC ODT\u00dc KKK Elk. Elo. M\u00fch. B\u00f6l.<\/p>\n<p style=\"text-align: center;\"><strong>Dr. \u00d6\u011fr. \u00dcyesi Ahmet \u00d6ZKURT<\/strong><br \/>\nEMO \u0130zmir \u015eube<br \/>\nDokuz Eyl\u00fcl \u00dcnv. Elk. Elo. M\u00fch. B\u00f6l.<\/p>\n<p style=\"text-align: center;\"><strong>Dr. \u00d6\u011fr. \u00dcyesi Ali \u00d6TER<\/strong><br \/>\nEMO Gaziantep \u015eube<br \/>\nKahramanmara\u015f S\u00fct\u00e7\u00fc \u0130mam \u00dcnv.<\/p>\n<p style=\"text-align: center;\"><strong>Dr. \u00d6\u011fr. \u00dcyesi Dilek D\u00dcZG\u00dcN ERG\u00dcN<\/strong><br \/>\n\u0130stanbul Ayd\u0131n \u00dcnv. T\u0131p Fak. Biyofizik AD.<\/p>\n<p style=\"text-align: center;\"><strong>Dr. \u00d6\u011fr. \u00dcyesi Fatma ATE\u015e ALKAN<\/strong><br \/>\nBeykent \u00dcnv. T\u0131p Fak. Biyofizik AD.<\/p>\n<p style=\"text-align: center;\"><strong>Dr. \u00d6\u011fr. \u00dcyesi Mustafa Berkan B\u0130\u00c7ER<\/strong><br \/>\nTarsus \u00dcnv. M\u00fch. Fak. Elk. Elo. M\u00fch. B\u00f6l.<\/p>\n<p style=\"text-align: center;\"><strong>Dr. \u00d6\u011fr. \u00dcyesi \u00d6zg\u00fcr TAMER<\/strong><br \/>\nEMO \u0130zmir \u015eube<br \/>\nDokuz Eyl\u00fcl \u00dcnv. Elk. Elo. M\u00fch. B\u00f6l.<\/p>\n<p style=\"text-align: center;\"><strong>Dr. \u00d6\u011fr. \u00dcyesi Zeynep HASIRCI TU\u011eCU<\/strong><br \/>\nEMO Trabzon \u015eube Y.K. \u00dcyesi<br \/>\nKT\u00dc Elo. Hab. M\u00fch. B\u00f6l.<\/p>\n<p style=\"text-align: center;\"><strong>Dr. \u00d6\u011fr. \u00dcyesi Ramazan DA\u015eBA\u015eI<\/strong><br \/>\nYT\u00dc Elo. Hab. M\u00fch. B\u00f6l.<\/p>\n<p style=\"text-align: center;\"><strong>\u00d6\u011fr. G\u00f6r. Murat BA\u015eKAN<\/strong><br \/>\nEMO \u0130stanbul \u015eube<\/p>\n<p style=\"text-align: center;\"><strong>\u00d6\u011fr. G\u00f6r. Onur KO\u00c7AK<\/strong><br \/>\nBa\u015fkent \u00dcnv. Biyomedikal M\u00fch. B\u00f6l.<\/p>\n<p style=\"text-align: center;\"><strong>Ar\u015f. G\u00f6r. Duygu TARHAN<\/strong><br \/>\n\u0130\u00dc Cerrahpa\u015fa T\u0131p Fak. Biyofizik AD.<\/p>\n<\/div><\/div><style type=\"text\/css\">.fusion-body .fusion-builder-column-0{width:100% !important;margin-top : 10px;margin-bottom : 10px;}.fusion-builder-column-0 > .fusion-column-wrapper {padding-top : 0px !important;padding-right : 0px !important;margin-right : 1.92%;padding-bottom : 0px !important;padding-left : 0px !important;margin-left : 1.92%;}@media only screen and (max-width:1024px) {.fusion-body .fusion-builder-column-0{width:100% !important;order : 0;}.fusion-builder-column-0 > .fusion-column-wrapper {margin-right : 1.92%;margin-left : 1.92%;}}@media only screen and (max-width:640px) {.fusion-body .fusion-builder-column-0{width:100% !important;order : 0;}.fusion-builder-column-0 > .fusion-column-wrapper {margin-right : 1.92%;margin-left : 1.92%;}}<\/style><\/div><\/div><style type=\"text\/css\">.fusion-body .fusion-flex-container.fusion-builder-row-1{ padding-top : 0px;margin-top : 3%;padding-right : 0px;padding-bottom : 0px;margin-bottom : 0px;padding-left : 0px;}<\/style><\/div>\n","protected":false},"excerpt":{"rendered":"","protected":false},"author":3,"featured_media":0,"parent":0,"menu_order":0,"comment_status":"closed","ping_status":"closed","template":"100-width.php","meta":{"footnotes":""},"class_list":["post-2352","page","type-page","status-publish","hentry"],"_links":{"self":[{"href":"https:\/\/emoistanbul.org\/emanet2021\/wp-json\/wp\/v2\/pages\/2352","targetHints":{"allow":["GET"]}}],"collection":[{"href":"https:\/\/emoistanbul.org\/emanet2021\/wp-json\/wp\/v2\/pages"}],"about":[{"href":"https:\/\/emoistanbul.org\/emanet2021\/wp-json\/wp\/v2\/types\/page"}],"author":[{"embeddable":true,"href":"https:\/\/emoistanbul.org\/emanet2021\/wp-json\/wp\/v2\/users\/3"}],"replies":[{"embeddable":true,"href":"https:\/\/emoistanbul.org\/emanet2021\/wp-json\/wp\/v2\/comments?post=2352"}],"version-history":[{"count":16,"href":"https:\/\/emoistanbul.org\/emanet2021\/wp-json\/wp\/v2\/pages\/2352\/revisions"}],"predecessor-version":[{"id":3018,"href":"https:\/\/emoistanbul.org\/emanet2021\/wp-json\/wp\/v2\/pages\/2352\/revisions\/3018"}],"wp:attachment":[{"href":"https:\/\/emoistanbul.org\/emanet2021\/wp-json\/wp\/v2\/media?parent=2352"}],"curies":[{"name":"wp","href":"https:\/\/api.w.org\/{rel}","templated":true}]}}