{"id":2355,"date":"2021-07-09T13:58:43","date_gmt":"2021-07-09T10:58:43","guid":{"rendered":"https:\/\/emoistanbul.org\/emanet2021\/?page_id=2355"},"modified":"2021-10-07T09:24:00","modified_gmt":"2021-10-07T06:24:00","slug":"emanet-2021-duzenleme-kurulu","status":"publish","type":"page","link":"https:\/\/emoistanbul.org\/emanet2021\/emanet-2021-duzenleme-kurulu\/","title":{"rendered":"EMANET 2021 D\u00dcZENLEME KURULU"},"content":{"rendered":"<div class=\"fusion-fullwidth fullwidth-box fusion-builder-row-1 fusion-flex-container nonhundred-percent-fullwidth non-hundred-percent-height-scrolling\" style=\"background-color: rgba(255,255,255,0);background-position: center center;background-repeat: no-repeat;border-width: 0px 0px 0px 0px;border-color:#e7e4e2;border-style:solid;\" ><div class=\"fusion-builder-row fusion-row fusion-flex-align-items-flex-start\" style=\"max-width:1331.2px;margin-left: calc(-4% \/ 2 );margin-right: calc(-4% \/ 2 );\"><div class=\"fusion-layout-column fusion_builder_column fusion-builder-column-0 fusion_builder_column_1_1 1_1 fusion-flex-column\"><div class=\"fusion-column-wrapper fusion-flex-justify-content-flex-start fusion-content-layout-column\" style=\"background-position:left top;background-repeat:no-repeat;-webkit-background-size:cover;-moz-background-size:cover;-o-background-size:cover;background-size:cover;padding: 0px 0px 0px 0px;\"><div class=\"fusion-text fusion-text-1\"><p style=\"text-align: center;\"><strong><em>Etkinlik Meslek Odalar\u0131 Temsilcileri<\/em><\/strong><\/p>\n<p style=\"text-align: center;\"><strong>\u00d6\u011fr. G\u00f6r. Murat BA\u015eKAN (Ba\u015fkan)<\/strong><br \/>EMO \u0130stanbul \u015eube<\/p>\n<p style=\"text-align: center;\"><strong>Dr. Mustafa S\u00dcLK\u00dc<\/strong><br \/>\u0130stanbul Tabip Odas\u0131<\/p>\n<p style=\"text-align: center;\"><strong>Av. Selahattin MER\u0130\u00c7<\/strong><br \/>\u0130stanbul Barosu Y.K \u00dcyesi<\/p>\n<p style=\"text-align: center;\"><strong>Av. Sinan NA\u0130PO\u011eLU<\/strong><br \/>\u0130stanbul Barosu Y.K \u00dcyesi<\/p>\n<p style=\"text-align: center;\"><strong>Cemil KOCATEPE<\/strong><br \/>EMO \u0130stanbul \u015eube Y.K B\u015fk.<\/p>\n<p style=\"text-align: center;\"><em><strong>\u00dcyeler<\/strong><\/em><\/p>\n<p style=\"text-align: center;\"><strong>B\u00fclent PALA<\/strong><br \/>EMO Y.K B\u015fk.<\/p>\n<p style=\"text-align: center;\"><strong>Mehmet \u00d6ZDA\u011e<\/strong><br \/>EMO Y.K \u00dcyesi<\/p>\n<p style=\"text-align: center;\"><strong>Seyfettin ATAR<\/strong><br \/>EMO Y.K \u00dcyesi<br \/>EMO Mersin \u015eube Y.K B\u015fk.<\/p>\n<p style=\"text-align: center;\"><strong>Prof. Dr. \u0130smail Hakk\u0131 \u00c7AVDAR<\/strong><br \/>EMO Trabzon \u015eube Y.K. B\u015fk.<br \/>KT\u00dc Elk. Elo. M\u00fch. B\u00f6l.<\/p>\n<p style=\"text-align: center;\"><strong>\u015eebnem SE\u00c7K\u0130N U\u011eURLU<\/strong><br \/>EMO \u0130zmir \u015eube Y.K. B\u015fk.<\/p>\n<p style=\"text-align: center;\"><strong>Do\u00e7. Dr. Mehmet TOYCAN<\/strong><br \/>KKTC KTMMOB EMO Y.K. \u00dcyesi<br \/>Uluslararas\u0131 K\u0131br\u0131s \u00dcnv. Rekt\u00f6r Yrd.<\/p>\n<p style=\"text-align: center;\"><strong>Bu\u011fra GAZ\u0130O\u011eLU<\/strong><br \/>KKTC KTMMOB EMO Y.K \u00dcyesi<\/p>\n<p style=\"text-align: center;\"><strong>Prof. Dr. A. Burak POLAT<\/strong><br \/>YT\u00dc Elo. Hab. M\u00fch. B\u00f6l.<\/p>\n<p style=\"text-align: center;\"><strong>Prof. Dr. Ali AKDA\u011eLI<\/strong><br \/>Mersin \u00dcnv. Elk. Elo M\u00fch. B\u00f6l. B\u015fk.<\/p>\n<p style=\"text-align: center;\"><strong>Prof. Dr. Ayd\u0131n AKAN<\/strong><br \/>\u0130zmir Ekonomi \u00dcnv. Elk. Elo. M\u00fch. B\u00f6l.<\/p>\n<p style=\"text-align: center;\"><strong>Prof. Dr. Ay\u015fe G. CANSEVEN KUR\u015eUN<\/strong><br \/>Gazi \u00dcnv. T\u0131p Fak. Biyofizik AD.<\/p>\n<p style=\"text-align: center;\"><strong>Prof. Dr. Caner \u00d6ZDEM\u0130R<\/strong><br \/>EMO Mersin \u015eube Y.K. \u00dcyesi<br \/>Mersin \u00dcnv. M\u00fch. Fak.<\/p>\n<p style=\"text-align: center;\"><strong>Prof. Dr. Cemil SERT<\/strong><br \/>T\u00fcrk Biyofizik Derne\u011fi B\u015fk.<br \/>Harran \u00dcnv. Biyofizik AD.<\/p>\n<p style=\"text-align: center;\"><strong>Prof. Dr. Funda AKLEMAN YAPAR<\/strong><br \/>\u0130T\u00dc Elo. Hab. M\u00fch. B\u00f6l.<\/p>\n<p style=\"text-align: center;\"><strong>Prof. Dr. Galip CANSEVER<\/strong><br \/>Alt\u0131nba\u015f \u00dcnv. Elk. Elo. M\u00fch. B\u00f6l.<\/p>\n<p style=\"text-align: center;\"><strong>Prof. Dr. G\u00f6khan APAYDIN<\/strong><br \/>\u00dcsk\u00fcdar \u00dcnv. Elk. Elo. M\u00fch. B\u00f6l.<\/p>\n<p style=\"text-align: center;\"><strong>Prof. Dr. Haluk KORALAY<\/strong><br \/>Gazi \u00dcnv. \u0130yonla\u015ft\u0131r\u0131c\u0131 Olmayan Radyasyondan Korunma,<br \/>Uygulama ve Ara\u015ft\u0131rma Merkezi (G\u0130RKUM)<\/p>\n<p style=\"text-align: center;\"><strong>Prof. Dr. Hasan D\u0130N\u00c7ER<\/strong><br \/>Kocaeli \u00dcniversitesi<\/p>\n<p style=\"text-align: center;\"><strong>Prof. Dr. Korkut YE\u011e\u0130N<\/strong><br \/>Ege \u00dcnv. Elk. Elo. M\u00fch. B\u00f6l.<\/p>\n<p style=\"text-align: center;\"><strong>Prof. Dr. M. Tunaya KALKAN<\/strong><br \/>\u0130stanbul Ayd\u0131n \u00dcnv. T\u0131p Fak. Biyofizik AD. B\u015fk.<\/p>\n<p style=\"text-align: center;\"><strong>Prof. Dr. Osman \u00c7EREZC\u0130<\/strong><br \/>\u00dcsk\u00fcdar \u00dcnv. M\u00fch. Fak. Dekan\u0131<\/p>\n<p style=\"text-align: center;\"><strong>Prof. Dr. Sel\u00e7uk PAKER<\/strong><br \/>\u0130T\u00dc Elo. Hab. M\u00fch. B\u00f6l.<\/p>\n<p style=\"text-align: center;\"><strong>Prof. Dr. Selim \u015eEKER<\/strong><br \/>\u00dcsk\u00fcdar \u00dcnv. Elk. Elo. M\u00fch. B\u00f6l. B\u015fk.<\/p>\n<p style=\"text-align: center;\"><strong>Prof. Dr. Serdar \u00d6ZO\u011eUZ<\/strong><br \/>\u0130T\u00dc Elo. Hab.M\u00fch. B\u00f6l.<\/p>\n<p style=\"text-align: center;\"><strong style=\"background-color: rgba(255, 255, 255, 0); color: var(--body_typography-color); font-family: var(--body_typography-font-family); font-size: var(--body_typography-font-size); font-style: var(--body_typography-font-style,normal); letter-spacing: var(--body_typography-letter-spacing);\">Prof. Dr. \u015e\u00fckr\u00fc \u00d6ZEN<\/strong><\/p>\n<p style=\"text-align: center;\">Akdeniz \u00dcnv. Elk. Elo. M\u00fch. B\u00f6l.<\/p>\n<p style=\"text-align: center;\"><strong>Do\u00e7. Dr. Ahmet \u00d6ZKURT<\/strong><br \/>EMO \u0130zmir \u015eube<br \/>Dokuz Eyl\u00fcl \u00dcnv. Elk. Elo. M\u00fch. B\u00f6l.<\/p>\n<p style=\"text-align: center;\"><strong>Do\u00e7. Dr. Alkan ALKAYA<\/strong><br \/>Mersin \u00dcnv. Elk. Elo. M\u00fch. B\u00f6l.<\/p>\n<p style=\"text-align: center;\"><strong>Do\u00e7. Dr. Aykut PEL\u0130T<\/strong><br \/>T\u00fcrk Biyofizik Der. Genel Sekreteri<br \/>\u00c7ukurova \u00dcnv. T\u0131p Fak. Biyofizik AD.<\/p>\n<p style=\"text-align: center;\"><b>Do\u00e7. Dr. Fulya \u00c7ALLIALP<\/b><\/p>\n<p style=\"text-align: center;\"><span style=\"background-color: rgba(255, 255, 255, 0); color: var(--body_typography-color); font-family: var(--body_typography-font-family); font-size: var(--body_typography-font-size); font-style: var(--body_typography-font-style,normal); font-weight: var(--body_typography-font-weight); letter-spacing: var(--body_typography-letter-spacing);\">Marmara \u00dcniversitesi Elk. Elo. M\u00fch. B\u00f6l.<\/span><\/p>\n<p style=\"text-align: center;\"><strong style=\"background-color: rgba(255, 255, 255, 0); color: var(--body_typography-color); font-family: var(--body_typography-font-family); font-size: var(--body_typography-font-size); font-style: var(--body_typography-font-style,normal); letter-spacing: var(--body_typography-letter-spacing);\">Do\u00e7. Dr. Janset DA\u015eDEM\u0130R<\/strong><\/p>\n<p style=\"text-align: center;\">YT\u00dc Kontrol ve Otomasyon. M\u00fch. B\u00f6l.<\/p>\n<p style=\"text-align: center;\"><strong>Do\u00e7. Dr. Murat FAHR\u0130O\u011eLU<\/strong><br \/>KKTC ODT\u00dc KKK Elk. Elo. M\u00fch. B\u00f6l. B\u015fk.<\/p>\n<p style=\"text-align: center;\"><strong>Do\u00e7. Dr. Rafet AKDEN\u0130Z<\/strong><br \/>Nam\u0131k Kemal \u00dcnv. \u00c7orlu M\u00fch. Fak.<\/p>\n<p style=\"text-align: center;\"><strong>Do\u00e7. Dr. Tayfun NES\u0130MO\u011eLU<\/strong><br \/>KKTC ODT\u00dc KKK Elk. Elo. M\u00fch. B\u00f6l.<\/p>\n<p style=\"text-align: center;\"><strong>Dr. \u00d6\u011fr. \u00dcyesi Mustafa Berkan B\u0130\u00c7ER<\/strong><br \/>Tarsus \u00dcnv. M\u00fch. Fak. Elk. Elo. M\u00fch. B\u00f6l.<\/p>\n<p style=\"text-align: center;\"><strong>Dr. \u00d6\u011fr. \u00dcyesi Ali \u00d6TER<\/strong><br \/>EMO Gaziantep \u015eube<br \/>Kahramanmara\u015f S\u00fct\u00e7\u00fc \u0130mam \u00dcnv.<\/p>\n<p style=\"text-align: center;\"><strong>Dr. \u00d6\u011fr. \u00dcyesi Dilek D\u00dcZG\u00dcN ERG\u00dcN<\/strong><br \/>\u0130stanbul Ayd\u0131n \u00dcnv. T\u0131p Fak. Biyofizik AD.<\/p>\n<p style=\"text-align: center;\"><strong>Dr. \u00d6\u011fr. \u00dcyesi Fatma ATE\u015e ALKAN<\/strong><br \/>Beykent \u00dcnv. T\u0131p Fak. Biyofizik AD.<\/p>\n<p style=\"text-align: center;\"><strong>Dr. \u00d6\u011fr. \u00dcyesi Figen \u00d6ZEN<\/strong><br \/>Hali\u00e7 \u00dcnv. Elk. Elo. M\u00fch. B\u00f6l. B\u015fk. Yrd.<\/p>\n<p style=\"text-align: center;\"><strong>Dr. \u00d6\u011fr. \u00dcyesi \u0130pek \u015eEN<\/strong><br \/>EMO \u0130stanbul \u015eube<br \/>Bilgi \u00dcnv. M\u00fch. ve Do\u011fa Bilimleri Fak.<\/p>\n<p style=\"text-align: center;\"><strong>Dr. \u00d6\u011fr. \u00dcyesi \u00d6zg\u00fcr TAMER<\/strong><br \/>EMO \u0130zmir \u015eube<br \/>Dokuz Eyl\u00fcl \u00dcnv. Elk. Elo. M\u00fch. B\u00f6l.<\/p>\n<p style=\"text-align: center;\"><strong>Dr. \u00d6\u011fr. \u00dcyesi Tuba AYHAN<\/strong><br \/>MEF \u00dcnv. Elk. Elo. M\u00fch. B\u00f6l.<\/p>\n<p style=\"text-align: center;\"><strong>Dr. \u00d6\u011fr. \u00dcyesi Zeynep HASIRCI TU\u011eCU<\/strong><br \/>EMO Trabzon \u015eube Y.K. \u00dcyesi<br \/>KT\u00dc Elo. Hab. M\u00fch. B\u00f6l.<\/p>\n<p style=\"text-align: center;\"><strong>Dr. \u00d6\u011fr. G\u00f6r. Onur KO\u00c7AK<\/strong><br \/>Ba\u015fkent \u00dcnv. Biyomedikal M\u00fch. B\u00f6l.<\/p>\n<p style=\"text-align: center;\"><strong>Dr. \u00d6\u011fr. G\u00f6r. Ramazan DA\u015eBA\u015eI<\/strong><br \/>YT\u00dc Elo. Hab. M\u00fch. B\u00f6l.<\/p>\n<p style=\"text-align: center;\"><strong>Ar\u015f. G\u00f6r. Duygu TARHAN<\/strong><br \/>\u0130\u00dc Cerrahpa\u015fa T\u0131p Fak. Biyofizik AD.<\/p>\n<p style=\"text-align: center;\"><strong>Dr. Erdener ILDIZ<\/strong><br \/>EMO \u0130stanbul \u015eube<\/p>\n<p style=\"text-align: center;\"><strong>Ali Fuat AYDIN<\/strong><br \/>EMO \u0130stanbul \u015eube<\/p>\n<p style=\"text-align: center;\"><strong>Ali OKTAY<\/strong><br \/>EMO Bursa \u015eube<\/p>\n<p style=\"text-align: center;\"><strong>Asuman G. YILDIRIM<\/strong><br \/>EMO \u0130stanbul \u015eube<\/p>\n<p style=\"text-align: center;\"><strong>Aykut AKDEM\u0130R<\/strong><br \/>EMO \u0130stanbul \u015eube<\/p>\n<p style=\"text-align: center;\"><strong>Aykut SELV\u0130<\/strong><br \/>EMO \u0130stanbul \u015eube<\/p>\n<p style=\"text-align: center;\"><strong>B. Levent AK\u00c7ASU<\/strong><br \/>EMO \u0130stanbul \u015eube<\/p>\n<p style=\"text-align: center;\"><strong>Batu VARLIK<\/strong><br \/>EMO \u0130stanbul \u015eube<\/p>\n<p style=\"text-align: center;\"><strong>Berker \u00d6ZA\u011eA\u00c7<\/strong><br \/>EMO \u0130stanbul \u015eube<\/p>\n<p style=\"text-align: center;\"><strong>Beyza MET\u0130N<\/strong><br \/>EMO \u0130stanbul \u015eube<\/p>\n<p style=\"text-align: center;\"><strong>Cemil \u00dcNAL<\/strong><br \/>EMO \u0130stanbul \u015eube<\/p>\n<p style=\"text-align: center;\"><strong>\u00c7i\u011fdem I\u015eIKY\u00dcREK<\/strong><br \/>EMO Antalya \u015eube Y.K \u00dcyesi<\/p>\n<p style=\"text-align: center;\"><strong>Da\u011f\u0131stan BEK\u0130RO\u011eLU<\/strong><br \/>EMO \u0130stanbul \u015eube<\/p>\n<p style=\"text-align: center;\"><strong>Do\u011fukan YURTTA\u015e<\/strong><br \/>EMO Eski\u015fehir \u015eube<\/p>\n<p style=\"text-align: center;\"><strong>Ekrem G\u00dcLTEK\u0130N<\/strong><br \/>EMO \u0130stanbul \u015eube<\/p>\n<p style=\"text-align: center;\"><strong>Emrullah AY<\/strong><br \/>EMO \u0130stanbul \u015eube<\/p>\n<p style=\"text-align: center;\"><strong>Enes YILMAZER<\/strong><br \/>EMO \u0130stanbul \u015eube<\/p>\n<p style=\"text-align: center;\"><strong>Engin \u00c7ET\u0130N<\/strong><br \/>EMO Denizli \u015eube<\/p>\n<p style=\"text-align: center;\"><strong>Erhan KARA\u00c7AY<\/strong><br \/>EMO \u0130stanbul \u015eube<\/p>\n<p style=\"text-align: center;\"><strong>Erol CELEPSOY<\/strong><br \/>EMO \u0130stanbul \u015eube<\/p>\n<p style=\"text-align: center;\"><strong>Faik Kemal \u00d6ZO\u011eUZ<\/strong><br \/>EMO \u0130stanbul \u015eube<\/p>\n<p style=\"text-align: center;\"><strong>Hakk\u0131 Kaya OCAKA\u00c7AN<\/strong><br \/>EMO \u0130stanbul \u015eube<\/p>\n<p style=\"text-align: center;\"><strong>\u0130sa G\u00dcNG\u00d6R<\/strong><br \/>EMO \u0130stanbul \u015eube<\/p>\n<p style=\"text-align: center;\"><strong>Halis SARI<\/strong><br \/>EMO \u0130stanbul \u015eube<\/p>\n<p style=\"text-align: center;\"><strong>Hasan \u015eAH\u0130N<\/strong><br \/>EMO Elektronik MEDAK<\/p>\n<p style=\"text-align: center;\"><strong>Hayri AYDIN<\/strong><br \/>EMO \u0130stanbul \u015eube<\/p>\n<p style=\"text-align: center;\"><strong>H\u00fcseyin YE\u015e\u0130L<\/strong><br \/>EMO \u0130stanbul \u015eube<\/p>\n<p style=\"text-align: center;\"><strong>Koray ATE\u015e<\/strong><br \/>EMO \u0130stanbul \u015eube<\/p>\n<p style=\"text-align: center;\"><strong>M. Abidin \u00c7ANAKKALE<\/strong><br \/>EMO \u0130stanbul \u015eube<\/p>\n<p style=\"text-align: center;\"><strong>Mehmet CAN<\/strong><br \/>EMO Bursa \u015eube<\/p>\n<p style=\"text-align: center;\"><strong>Mehmet KARADURAK<\/strong><br \/>EMO \u0130stanbul \u015eube<\/p>\n<p style=\"text-align: center;\"><strong>Mehmet MAZMANO\u011eLU<\/strong><br \/>EMO \u0130stanbul \u015eube<\/p>\n<p style=\"text-align: center;\"><strong>Mehmet TURGUT<\/strong><br \/>EMO \u0130stanbul \u015eube<\/p>\n<p style=\"text-align: center;\"><strong>Metin \u00d6ZT\u00dcRK<\/strong><br \/>EMO \u0130stanbul \u015eube<\/p>\n<p style=\"text-align: center;\"><strong>Murat \u00c7EL\u0130K<\/strong><br \/>EMO Diyarbak\u0131r \u015eube<\/p>\n<p style=\"text-align: center;\"><strong>Mustafa AYDIN<\/strong><br \/>EMO \u0130stanbul \u015eube<\/p>\n<p style=\"text-align: center;\"><strong>Mustafa SOKULLU<\/strong><br \/>EMO \u0130stanbul \u015eube<\/p>\n<p style=\"text-align: center;\"><strong>Nam\u0131k Kemal C\u0130BARO\u011eLU<\/strong><br \/>EMO \u0130stanbul \u015eube<\/p>\n<p style=\"text-align: center;\"><strong>Nihal T\u00dcR\u00dcT<\/strong><br \/>EMO \u0130stanbul \u015eube<\/p>\n<p style=\"text-align: center;\"><strong>Nusret GER\u00c7EK<\/strong><br \/>EMO \u0130stanbul \u015eube<\/p>\n<p style=\"text-align: center;\"><strong>O\u011fulcan G\u00dcLDEREN<\/strong><br \/>EMO \u0130stanbul \u015eube<\/p>\n<p style=\"text-align: center;\"><strong>Ongun G\u00dcRSU<\/strong><br \/>EMO \u0130stanbul \u015eube<\/p>\n<p style=\"text-align: center;\"><strong>Osman Metehan AYDIN<\/strong><br \/>EMO \u0130stanbul \u015eube<\/p>\n<p style=\"text-align: center;\"><strong>\u00d6zg\u00fcr CELB\u0130\u015e<\/strong><br \/>EMO \u0130stanbul \u015eube<\/p>\n<p style=\"text-align: center;\"><strong>Reha \u015eEN<\/strong><br \/>EMO \u0130stanbul \u015eube<\/p>\n<p style=\"text-align: center;\"><strong>S. Nur G\u00dcLE\u00c7<\/strong><br \/>EMO \u0130stanbul \u015eube<\/p>\n<p style=\"text-align: center;\"><strong>Sabri G\u00dcNAYDIN<\/strong><br \/>EMO \u0130stanbul \u015eube<\/p>\n<p style=\"text-align: center;\"><strong>Sevil BULUTLAR \u015eEN<\/strong><br \/>EMO Kocaeli \u015eube<\/p>\n<p style=\"text-align: center;\"><strong>Tar\u0131k \u00d6DEN<\/strong><br \/>EMO Diyarbak\u0131r \u015eube<br \/>ODT\u00dc YITD B\u015fk. Yrd.<\/p>\n<p style=\"text-align: center;\"><strong>Tayfun \u0130\u015eB\u0130LEN<\/strong><br \/>EMO \u0130stanbul \u015eube<br \/>\u0130SK\u0130<\/p>\n<p style=\"text-align: center;\"><strong>Ye\u015fim \u00c7EL\u0130KKOL<\/strong><br \/>EMO \u0130stanbul \u015eube<\/p>\n<p style=\"text-align: center;\"><strong>Y\u0131lmaz G\u00dcNDO\u011eAN<\/strong><br \/>EMO \u0130stanbul \u015eube<\/p>\n<p style=\"text-align: center;\"><strong>Dr. \u00d6zkan Kaan KARADA\u011e<\/strong><br \/>\u0130BB \u0130SG M\u00fcd\u00fcrl\u00fc\u011f\u00fc<\/p>\n<p style=\"text-align: center;\"><strong>Ali AS\u0130LSOY<\/strong><br \/>Be\u015fikta\u015f Belediyesi<\/p>\n<p style=\"text-align: center;\"><strong>Emrah OKUR<\/strong><br \/>Kad\u0131k\u00f6y Belediyesi<\/p>\n<p style=\"text-align: center;\"><strong>\u0130smail Vedat AKBAYER<\/strong><br \/>BTS 1 No\u2019lu \u015eube B\u015fk.<\/p>\n<p style=\"text-align: center;\"><strong>Av. Hasan SEVER<\/strong><br \/>\u00c7evre Hukuku Derne\u011fi<\/p>\n<p style=\"text-align: center;\"><strong>Mimar Aysel CAN EK\u015e\u0130<\/strong><br \/>T\u00fcketiciyi Koruma Derne\u011fi<\/p>\n<p style=\"text-align: center;\"><strong>Dr. Canan \u00dcLK\u00dc ABBASOV<\/strong><br \/>T\u00fcketicinin Haklar\u0131 ve Kalite Derne\u011fi<\/p>\n<p style=\"text-align: center;\"><strong>M. Ramazan \u00d6NG\u00d6RE<\/strong><br \/>\u00c7EKOD Eski Kurucu Ba\u015fkan\u0131<\/p>\n<p style=\"text-align: center;\"><strong>Nam\u0131k DEM\u0130RBA\u011e<\/strong><br \/>Elektrik Tesisat M\u00fchendisleri Derne\u011fi<\/p>\n<p style=\"text-align: center;\"><b>Ayten Ba\u011fdatl\u0131o\u011flu Kartal<\/b><br \/>Ata\u015fehir Belediyesi \u00c7evre Koruma ve Kontrol M\u00fcd\u00fcr\u00fc<br \/>\u00c7evre Y.M\u00fchendisi<br \/>A S\u0131n\u0131f\u0131 \u0130\u015f Sa\u011fl\u0131\u011f\u0131 ve G\u00fcvenli\u011fi Uzman\u0131<\/p>\n<\/div><\/div><style type=\"text\/css\">.fusion-body .fusion-builder-column-0{width:100% !important;margin-top : 10px;margin-bottom : 10px;}.fusion-builder-column-0 > .fusion-column-wrapper {padding-top : 0px !important;padding-right : 0px !important;margin-right : 1.92%;padding-bottom : 0px !important;padding-left : 0px !important;margin-left : 1.92%;}@media only screen and (max-width:1024px) {.fusion-body .fusion-builder-column-0{width:100% !important;order : 0;}.fusion-builder-column-0 > .fusion-column-wrapper {margin-right : 1.92%;margin-left : 1.92%;}}@media only screen and (max-width:640px) {.fusion-body .fusion-builder-column-0{width:100% !important;order : 0;}.fusion-builder-column-0 > .fusion-column-wrapper {margin-right : 1.92%;margin-left : 1.92%;}}<\/style><\/div><\/div><style type=\"text\/css\">.fusion-body .fusion-flex-container.fusion-builder-row-1{ padding-top : 0px;margin-top : 0px;padding-right : 0px;padding-bottom : 0px;margin-bottom : 0px;padding-left : 0px;}<\/style><\/div>\n","protected":false},"excerpt":{"rendered":"","protected":false},"author":3,"featured_media":0,"parent":0,"menu_order":0,"comment_status":"closed","ping_status":"closed","template":"100-width.php","meta":{"footnotes":""},"class_list":["post-2355","page","type-page","status-publish","hentry"],"_links":{"self":[{"href":"https:\/\/emoistanbul.org\/emanet2021\/wp-json\/wp\/v2\/pages\/2355","targetHints":{"allow":["GET"]}}],"collection":[{"href":"https:\/\/emoistanbul.org\/emanet2021\/wp-json\/wp\/v2\/pages"}],"about":[{"href":"https:\/\/emoistanbul.org\/emanet2021\/wp-json\/wp\/v2\/types\/page"}],"author":[{"embeddable":true,"href":"https:\/\/emoistanbul.org\/emanet2021\/wp-json\/wp\/v2\/users\/3"}],"replies":[{"embeddable":true,"href":"https:\/\/emoistanbul.org\/emanet2021\/wp-json\/wp\/v2\/comments?post=2355"}],"version-history":[{"count":47,"href":"https:\/\/emoistanbul.org\/emanet2021\/wp-json\/wp\/v2\/pages\/2355\/revisions"}],"predecessor-version":[{"id":3017,"href":"https:\/\/emoistanbul.org\/emanet2021\/wp-json\/wp\/v2\/pages\/2355\/revisions\/3017"}],"wp:attachment":[{"href":"https:\/\/emoistanbul.org\/emanet2021\/wp-json\/wp\/v2\/media?parent=2355"}],"curies":[{"name":"wp","href":"https:\/\/api.w.org\/{rel}","templated":true}]}}